{"id":793,"date":"2022-10-18T12:53:03","date_gmt":"2022-10-18T09:53:03","guid":{"rendered":"http:\/\/ekagrup.com.tr\/kadromuz\/"},"modified":"2026-02-16T11:40:00","modified_gmt":"2026-02-16T08:40:00","slug":"our-team","status":"publish","type":"page","link":"https:\/\/ekagrup.com.tr\/en\/our-team\/","title":{"rendered":"Our Team"},"content":{"rendered":"<p>[vc_row css=&#8221;.vc_custom_1666855658586{margin-top: 20px !important;}&#8221;][vc_column][vc_custom_heading text=&#8221;CEO&#8221; font_container=&#8221;tag:h2|text_align:center&#8221; use_theme_fonts=&#8221;yes&#8221; el_class=&#8221;kadrotitlenew&#8221;][\/vc_column][\/vc_row][vc_row el_class=&#8221;kardo&#8221; css=&#8221;.vc_custom_1666855662554{margin-top: 20px !important;margin-bottom: 70px !important;}&#8221;][vc_column width=&#8221;1\/5&#8243;][\/vc_column][vc_column width=&#8221;1\/5&#8243;][\/vc_column][vc_column width=&#8221;1\/5&#8243;][vc_single_image image=&#8221;2320&#8243; img_size=&#8221;full&#8221; alignment=&#8221;center&#8221; onclick=&#8221;custom_link&#8221; link=&#8221;http:\/\/ekagrup.com.tr\/yilmaz-uslu\/&#8221;][vc_custom_heading text=&#8221;Y\u0131lmaz USLU&#8221; font_container=&#8221;tag:h3|font_size:20|text_align:center&#8221; use_theme_fonts=&#8221;yes&#8221; el_class=&#8221;kardotitle&#8221; link=&#8221;url:http%3A%2F%2Fekagrup.com.tr%2Fyilmaz-uslu%2F|title:YILMAZ%20USLU|&#8221;][vc_btn title=&#8221;\u00d6zge\u00e7mi\u015f&#8221; style=&#8221;classic&#8221; color=&#8221;white&#8221; size=&#8221;xs&#8221; align=&#8221;center&#8221; link=&#8221;url:http%3A%2F%2Fekagrup.com.tr%2Fyilmaz-uslu%2F|title:EBED%C4%B0N%20ERG%C3%9CN|&#8221; css=&#8221;.vc_custom_1667520213600{margin-top: 5px !important;}&#8221;][\/vc_column][vc_column width=&#8221;1\/5&#8243;][\/vc_column][vc_column width=&#8221;1\/5&#8243;][\/vc_column][\/vc_row][vc_row css=&#8221;.vc_custom_1666257505551{margin-top: 60px !important;}&#8221;][vc_column][vc_custom_heading text=&#8221;Y\u00d6NET\u0130M KURULU \u00dcYES\u0130 KURUCU ORTAKLAR&#8221; font_container=&#8221;tag:h2|text_align:center&#8221; use_theme_fonts=&#8221;yes&#8221; el_class=&#8221;kadrotitlenew&#8221;][\/vc_column][\/vc_row][vc_row el_class=&#8221;kardo&#8221; css=&#8221;.vc_custom_1666855676144{margin-top: 30px !important;margin-bottom: 50px !important;}&#8221;][vc_column width=&#8221;1\/5&#8243; offset=&#8221;vc_col-xs-6&#8243; css=&#8221;.vc_custom_1666259201761{margin-bottom: 15px !important;}&#8221;][\/vc_column][vc_column width=&#8221;1\/5&#8243; offset=&#8221;vc_col-xs-6&#8243; css=&#8221;.vc_custom_1666259205138{margin-bottom: 15px !important;}&#8221;][\/vc_column][vc_column width=&#8221;1\/5&#8243; offset=&#8221;vc_col-xs-6&#8243; css=&#8221;.vc_custom_1666259208269{margin-bottom: 15px !important;}&#8221;][vc_single_image image=&#8221;2080&#8243; img_size=&#8221;full&#8221; alignment=&#8221;center&#8221; onclick=&#8221;custom_link&#8221; link=&#8221;http:\/\/ekagrup.com.tr\/kemal-cudi\/&#8221;][vc_custom_heading text=&#8221;Kemal CUD\u0130&#8221; font_container=&#8221;tag:h3|font_size:20|text_align:center&#8221; use_theme_fonts=&#8221;yes&#8221; el_class=&#8221;kardotitle&#8221; link=&#8221;url:http%3A%2F%2Fekagrup.com.tr%2Fkemal-cudi%2F|title:KEMAL%20CUD%C4%B0|&#8221;][vc_btn title=&#8221;\u00d6zge\u00e7mi\u015f&#8221; style=&#8221;classic&#8221; color=&#8221;white&#8221; size=&#8221;xs&#8221; align=&#8221;center&#8221; link=&#8221;url:http%3A%2F%2Fekagrup.com.tr%2Fkemal-cudi%2F|title:EBED%C4%B0N%20ERG%C3%9CN|&#8221; css=&#8221;.vc_custom_1667520186556{margin-top: 5px !important;}&#8221;][\/vc_column][vc_column width=&#8221;1\/5&#8243;][\/vc_column][vc_column width=&#8221;1\/5&#8243;][\/vc_column][\/vc_row]<\/p>\n","protected":false},"excerpt":{"rendered":"<p>[vc_row css=&#8221;.vc_custom_1666855658586{margin-top: 20px !important;}&#8221;][vc_column][vc_custom_heading text=&#8221;CEO&#8221; font_container=&#8221;tag:h2|text_align:center&#8221; use_theme_fonts=&#8221;yes&#8221; el_class=&#8221;kadrotitlenew&#8221;][\/vc_column][\/vc_row][vc_row el_class=&#8221;kardo&#8221; css=&#8221;.vc_custom_1666855662554{margin-top: 20px !important;margin-bottom: 70px !important;}&#8221;][vc_column width=&#8221;1\/5&#8243;][\/vc_column][vc_column width=&#8221;1\/5&#8243;][\/vc_column][vc_column width=&#8221;1\/5&#8243;][vc_single_image image=&#8221;2320&#8243; img_size=&#8221;full&#8221; alignment=&#8221;center&#8221; onclick=&#8221;custom_link&#8221; link=&#8221;http:\/\/ekagrup.com.tr\/yilmaz-uslu\/&#8221;][vc_custom_heading text=&#8221;Y\u0131lmaz USLU&#8221; font_container=&#8221;tag:h3|font_size:20|text_align:center&#8221; use_theme_fonts=&#8221;yes&#8221; el_class=&#8221;kardotitle&#8221; link=&#8221;url:http%3A%2F%2Fekagrup.com.tr%2Fyilmaz-uslu%2F|title:YILMAZ%20USLU|&#8221;][vc_btn title=&#8221;\u00d6zge\u00e7mi\u015f&#8221; style=&#8221;classic&#8221; color=&#8221;white&#8221; size=&#8221;xs&#8221; align=&#8221;center&#8221; link=&#8221;url:http%3A%2F%2Fekagrup.com.tr%2Fyilmaz-uslu%2F|title:EBED%C4%B0N%20ERG%C3%9CN|&#8221; css=&#8221;.vc_custom_1667520213600{margin-top: 5px !important;}&#8221;][\/vc_column][vc_column width=&#8221;1\/5&#8243;][\/vc_column][vc_column width=&#8221;1\/5&#8243;][\/vc_column][\/vc_row][vc_row css=&#8221;.vc_custom_1666257505551{margin-top: 60px !important;}&#8221;][vc_column][vc_custom_heading text=&#8221;Y\u00d6NET\u0130M KURULU \u00dcYES\u0130 KURUCU ORTAKLAR&#8221; font_container=&#8221;tag:h2|text_align:center&#8221; use_theme_fonts=&#8221;yes&#8221; el_class=&#8221;kadrotitlenew&#8221;][\/vc_column][\/vc_row][vc_row el_class=&#8221;kardo&#8221; css=&#8221;.vc_custom_1666855676144{margin-top: 30px !important;margin-bottom: 50px !important;}&#8221;][vc_column width=&#8221;1\/5&#8243; offset=&#8221;vc_col-xs-6&#8243; css=&#8221;.vc_custom_1666259201761{margin-bottom: 15px !important;}&#8221;][\/vc_column][vc_column width=&#8221;1\/5&#8243; offset=&#8221;vc_col-xs-6&#8243; css=&#8221;.vc_custom_1666259205138{margin-bottom: 15px !important;}&#8221;][\/vc_column][vc_column width=&#8221;1\/5&#8243; offset=&#8221;vc_col-xs-6&#8243; css=&#8221;.vc_custom_1666259208269{margin-bottom: 15px !important;}&#8221;][vc_single_image image=&#8221;2080&#8243; img_size=&#8221;full&#8221; alignment=&#8221;center&#8221; onclick=&#8221;custom_link&#8221; link=&#8221;http:\/\/ekagrup.com.tr\/kemal-cudi\/&#8221;][vc_custom_heading text=&#8221;Kemal CUD\u0130&#8221; font_container=&#8221;tag:h3|font_size:20|text_align:center&#8221; use_theme_fonts=&#8221;yes&#8221; el_class=&#8221;kardotitle&#8221; link=&#8221;url:http%3A%2F%2Fekagrup.com.tr%2Fkemal-cudi%2F|title:KEMAL%20CUD%C4%B0|&#8221;][vc_btn title=&#8221;\u00d6zge\u00e7mi\u015f&#8221; style=&#8221;classic&#8221; color=&#8221;white&#8221; size=&#8221;xs&#8221; align=&#8221;center&#8221; link=&#8221;url:http%3A%2F%2Fekagrup.com.tr%2Fkemal-cudi%2F|title:EBED%C4%B0N%20ERG%C3%9CN|&#8221; css=&#8221;.vc_custom_1667520186556{margin-top: 5px !important;}&#8221;][\/vc_column][vc_column width=&#8221;1\/5&#8243;][\/vc_column][vc_column width=&#8221;1\/5&#8243;][\/vc_column][\/vc_row]<\/p>\n","protected":false},"author":1,"featured_media":0,"parent":0,"menu_order":0,"comment_status":"closed","ping_status":"closed","template":"","meta":{"footnotes":""},"class_list":["post-793","page","type-page","status-publish","hentry"],"yoast_head":"<!-- This site is optimized with the Yoast SEO plugin v19.14 - https:\/\/yoast.com\/wordpress\/plugins\/seo\/ -->\n<title>Our Team - Eka Grup<\/title>\n<meta name=\"robots\" content=\"index, follow, max-snippet:-1, max-image-preview:large, max-video-preview:-1\" \/>\n<link rel=\"canonical\" href=\"https:\/\/ekagrup.com.tr\/kadromuz\/\" \/>\n<meta property=\"og:locale\" content=\"en_US\" \/>\n<meta property=\"og:type\" content=\"article\" \/>\n<meta property=\"og:title\" content=\"Our Team - Eka Grup\" \/>\n<meta property=\"og:description\" content=\"[vc_row css=&#8221;.vc_custom_1666855658586{margin-top: 20px !important;}&#8221;][vc_column][vc_custom_heading text=&#8221;CEO&#8221; font_container=&#8221;tag:h2|text_align:center&#8221; use_theme_fonts=&#8221;yes&#8221; el_class=&#8221;kadrotitlenew&#8221;][\/vc_column][\/vc_row][vc_row el_class=&#8221;kardo&#8221; css=&#8221;.vc_custom_1666855662554{margin-top: 20px !important;margin-bottom: 70px !important;}&#8221;][vc_column width=&#8221;1\/5&#8243;][\/vc_column][vc_column width=&#8221;1\/5&#8243;][\/vc_column][vc_column width=&#8221;1\/5&#8243;][vc_single_image image=&#8221;2320&#8243; img_size=&#8221;full&#8221; alignment=&#8221;center&#8221; onclick=&#8221;custom_link&#8221; link=&#8221;http:\/\/ekagrup.com.tr\/yilmaz-uslu\/&#8221;][vc_custom_heading text=&#8221;Y\u0131lmaz USLU&#8221; font_container=&#8221;tag:h3|font_size:20|text_align:center&#8221; use_theme_fonts=&#8221;yes&#8221; el_class=&#8221;kardotitle&#8221; link=&#8221;url:http%3A%2F%2Fekagrup.com.tr%2Fyilmaz-uslu%2F|title:YILMAZ%20USLU|&#8221;][vc_btn title=&#8221;\u00d6zge\u00e7mi\u015f&#8221; style=&#8221;classic&#8221; color=&#8221;white&#8221; size=&#8221;xs&#8221; align=&#8221;center&#8221; link=&#8221;url:http%3A%2F%2Fekagrup.com.tr%2Fyilmaz-uslu%2F|title:EBED%C4%B0N%20ERG%C3%9CN|&#8221; css=&#8221;.vc_custom_1667520213600{margin-top: 5px !important;}&#8221;][\/vc_column][vc_column width=&#8221;1\/5&#8243;][\/vc_column][vc_column width=&#8221;1\/5&#8243;][\/vc_column][\/vc_row][vc_row css=&#8221;.vc_custom_1666257505551{margin-top: 60px !important;}&#8221;][vc_column][vc_custom_heading text=&#8221;Y\u00d6NET\u0130M KURULU \u00dcYES\u0130 KURUCU ORTAKLAR&#8221; font_container=&#8221;tag:h2|text_align:center&#8221; use_theme_fonts=&#8221;yes&#8221; el_class=&#8221;kadrotitlenew&#8221;][\/vc_column][\/vc_row][vc_row el_class=&#8221;kardo&#8221; css=&#8221;.vc_custom_1666855676144{margin-top: 30px !important;margin-bottom: 50px !important;}&#8221;][vc_column width=&#8221;1\/5&#8243; offset=&#8221;vc_col-xs-6&#8243; css=&#8221;.vc_custom_1666259201761{margin-bottom: 15px !important;}&#8221;][\/vc_column][vc_column width=&#8221;1\/5&#8243; offset=&#8221;vc_col-xs-6&#8243; css=&#8221;.vc_custom_1666259205138{margin-bottom: 15px !important;}&#8221;][\/vc_column][vc_column width=&#8221;1\/5&#8243; offset=&#8221;vc_col-xs-6&#8243; css=&#8221;.vc_custom_1666259208269{margin-bottom: 15px !important;}&#8221;][vc_single_image image=&#8221;2080&#8243; img_size=&#8221;full&#8221; alignment=&#8221;center&#8221; onclick=&#8221;custom_link&#8221; link=&#8221;http:\/\/ekagrup.com.tr\/kemal-cudi\/&#8221;][vc_custom_heading text=&#8221;Kemal CUD\u0130&#8221; font_container=&#8221;tag:h3|font_size:20|text_align:center&#8221; use_theme_fonts=&#8221;yes&#8221; el_class=&#8221;kardotitle&#8221; link=&#8221;url:http%3A%2F%2Fekagrup.com.tr%2Fkemal-cudi%2F|title:KEMAL%20CUD%C4%B0|&#8221;][vc_btn title=&#8221;\u00d6zge\u00e7mi\u015f&#8221; style=&#8221;classic&#8221; color=&#8221;white&#8221; size=&#8221;xs&#8221; align=&#8221;center&#8221; link=&#8221;url:http%3A%2F%2Fekagrup.com.tr%2Fkemal-cudi%2F|title:EBED%C4%B0N%20ERG%C3%9CN|&#8221; css=&#8221;.vc_custom_1667520186556{margin-top: 5px !important;}&#8221;][\/vc_column][vc_column width=&#8221;1\/5&#8243;][\/vc_column][vc_column width=&#8221;1\/5&#8243;][\/vc_column][\/vc_row]\" \/>\n<meta property=\"og:url\" content=\"https:\/\/ekagrup.com.tr\/kadromuz\/\" \/>\n<meta property=\"og:site_name\" content=\"Eka Grup\" \/>\n<meta property=\"article:publisher\" content=\"https:\/\/www.facebook.com\/ekagrupgyo\" \/>\n<meta property=\"article:modified_time\" content=\"2026-02-16T08:40:00+00:00\" \/>\n<meta name=\"twitter:card\" content=\"summary_large_image\" \/>\n<meta name=\"twitter:label1\" content=\"Est. reading time\" \/>\n\t<meta name=\"twitter:data1\" content=\"1 minute\" \/>\n<script type=\"application\/ld+json\" class=\"yoast-schema-graph\">{\"@context\":\"https:\/\/schema.org\",\"@graph\":[{\"@type\":\"WebPage\",\"@id\":\"https:\/\/ekagrup.com.tr\/kadromuz\/\",\"url\":\"https:\/\/ekagrup.com.tr\/kadromuz\/\",\"name\":\"Our Team - Eka Grup\",\"isPartOf\":{\"@id\":\"https:\/\/ekagrup.com.tr\/#website\"},\"datePublished\":\"2022-10-18T09:53:03+00:00\",\"dateModified\":\"2026-02-16T08:40:00+00:00\",\"breadcrumb\":{\"@id\":\"https:\/\/ekagrup.com.tr\/kadromuz\/#breadcrumb\"},\"inLanguage\":\"en-US\",\"potentialAction\":[{\"@type\":\"ReadAction\",\"target\":[\"https:\/\/ekagrup.com.tr\/kadromuz\/\"]}]},{\"@type\":\"BreadcrumbList\",\"@id\":\"https:\/\/ekagrup.com.tr\/kadromuz\/#breadcrumb\",\"itemListElement\":[{\"@type\":\"ListItem\",\"position\":1,\"name\":\"Anasayfa\",\"item\":\"https:\/\/ekagrup.com.tr\/en\/\"},{\"@type\":\"ListItem\",\"position\":2,\"name\":\"Our Team\"}]},{\"@type\":\"WebSite\",\"@id\":\"https:\/\/ekagrup.com.tr\/#website\",\"url\":\"https:\/\/ekagrup.com.tr\/\",\"name\":\"Eka Grup\",\"description\":\"\",\"publisher\":{\"@id\":\"https:\/\/ekagrup.com.tr\/#organization\"},\"potentialAction\":[{\"@type\":\"SearchAction\",\"target\":{\"@type\":\"EntryPoint\",\"urlTemplate\":\"https:\/\/ekagrup.com.tr\/?s={search_term_string}\"},\"query-input\":\"required name=search_term_string\"}],\"inLanguage\":\"en-US\"},{\"@type\":\"Organization\",\"@id\":\"https:\/\/ekagrup.com.tr\/#organization\",\"name\":\"Eka Grup\",\"url\":\"https:\/\/ekagrup.com.tr\/\",\"logo\":{\"@type\":\"ImageObject\",\"inLanguage\":\"en-US\",\"@id\":\"https:\/\/ekagrup.com.tr\/#\/schema\/logo\/image\/\",\"url\":\"https:\/\/ekagrup.com.tr\/wp-content\/uploads\/2022\/10\/logo.svg\",\"contentUrl\":\"https:\/\/ekagrup.com.tr\/wp-content\/uploads\/2022\/10\/logo.svg\",\"caption\":\"Eka Grup\"},\"image\":{\"@id\":\"https:\/\/ekagrup.com.tr\/#\/schema\/logo\/image\/\"},\"sameAs\":[\"https:\/\/www.instagram.com\/eka.grup\/\",\"https:\/\/www.facebook.com\/ekagrupgyo\"]}]}<\/script>\n<!-- \/ Yoast SEO plugin. -->","yoast_head_json":{"title":"Our Team - Eka Grup","robots":{"index":"index","follow":"follow","max-snippet":"max-snippet:-1","max-image-preview":"max-image-preview:large","max-video-preview":"max-video-preview:-1"},"canonical":"https:\/\/ekagrup.com.tr\/kadromuz\/","og_locale":"en_US","og_type":"article","og_title":"Our Team - Eka Grup","og_description":"[vc_row css=&#8221;.vc_custom_1666855658586{margin-top: 20px !important;}&#8221;][vc_column][vc_custom_heading text=&#8221;CEO&#8221; font_container=&#8221;tag:h2|text_align:center&#8221; use_theme_fonts=&#8221;yes&#8221; el_class=&#8221;kadrotitlenew&#8221;][\/vc_column][\/vc_row][vc_row el_class=&#8221;kardo&#8221; css=&#8221;.vc_custom_1666855662554{margin-top: 20px !important;margin-bottom: 70px !important;}&#8221;][vc_column width=&#8221;1\/5&#8243;][\/vc_column][vc_column width=&#8221;1\/5&#8243;][\/vc_column][vc_column width=&#8221;1\/5&#8243;][vc_single_image image=&#8221;2320&#8243; img_size=&#8221;full&#8221; alignment=&#8221;center&#8221; onclick=&#8221;custom_link&#8221; link=&#8221;http:\/\/ekagrup.com.tr\/yilmaz-uslu\/&#8221;][vc_custom_heading text=&#8221;Y\u0131lmaz USLU&#8221; font_container=&#8221;tag:h3|font_size:20|text_align:center&#8221; use_theme_fonts=&#8221;yes&#8221; el_class=&#8221;kardotitle&#8221; link=&#8221;url:http%3A%2F%2Fekagrup.com.tr%2Fyilmaz-uslu%2F|title:YILMAZ%20USLU|&#8221;][vc_btn title=&#8221;\u00d6zge\u00e7mi\u015f&#8221; style=&#8221;classic&#8221; color=&#8221;white&#8221; size=&#8221;xs&#8221; align=&#8221;center&#8221; link=&#8221;url:http%3A%2F%2Fekagrup.com.tr%2Fyilmaz-uslu%2F|title:EBED%C4%B0N%20ERG%C3%9CN|&#8221; css=&#8221;.vc_custom_1667520213600{margin-top: 5px !important;}&#8221;][\/vc_column][vc_column width=&#8221;1\/5&#8243;][\/vc_column][vc_column width=&#8221;1\/5&#8243;][\/vc_column][\/vc_row][vc_row css=&#8221;.vc_custom_1666257505551{margin-top: 60px !important;}&#8221;][vc_column][vc_custom_heading text=&#8221;Y\u00d6NET\u0130M KURULU \u00dcYES\u0130 KURUCU ORTAKLAR&#8221; font_container=&#8221;tag:h2|text_align:center&#8221; use_theme_fonts=&#8221;yes&#8221; el_class=&#8221;kadrotitlenew&#8221;][\/vc_column][\/vc_row][vc_row el_class=&#8221;kardo&#8221; css=&#8221;.vc_custom_1666855676144{margin-top: 30px !important;margin-bottom: 50px !important;}&#8221;][vc_column width=&#8221;1\/5&#8243; offset=&#8221;vc_col-xs-6&#8243; css=&#8221;.vc_custom_1666259201761{margin-bottom: 15px !important;}&#8221;][\/vc_column][vc_column width=&#8221;1\/5&#8243; offset=&#8221;vc_col-xs-6&#8243; css=&#8221;.vc_custom_1666259205138{margin-bottom: 15px !important;}&#8221;][\/vc_column][vc_column width=&#8221;1\/5&#8243; offset=&#8221;vc_col-xs-6&#8243; css=&#8221;.vc_custom_1666259208269{margin-bottom: 15px !important;}&#8221;][vc_single_image image=&#8221;2080&#8243; img_size=&#8221;full&#8221; alignment=&#8221;center&#8221; onclick=&#8221;custom_link&#8221; link=&#8221;http:\/\/ekagrup.com.tr\/kemal-cudi\/&#8221;][vc_custom_heading text=&#8221;Kemal CUD\u0130&#8221; font_container=&#8221;tag:h3|font_size:20|text_align:center&#8221; use_theme_fonts=&#8221;yes&#8221; el_class=&#8221;kardotitle&#8221; link=&#8221;url:http%3A%2F%2Fekagrup.com.tr%2Fkemal-cudi%2F|title:KEMAL%20CUD%C4%B0|&#8221;][vc_btn title=&#8221;\u00d6zge\u00e7mi\u015f&#8221; style=&#8221;classic&#8221; color=&#8221;white&#8221; size=&#8221;xs&#8221; align=&#8221;center&#8221; link=&#8221;url:http%3A%2F%2Fekagrup.com.tr%2Fkemal-cudi%2F|title:EBED%C4%B0N%20ERG%C3%9CN|&#8221; css=&#8221;.vc_custom_1667520186556{margin-top: 5px !important;}&#8221;][\/vc_column][vc_column width=&#8221;1\/5&#8243;][\/vc_column][vc_column width=&#8221;1\/5&#8243;][\/vc_column][\/vc_row]","og_url":"https:\/\/ekagrup.com.tr\/kadromuz\/","og_site_name":"Eka Grup","article_publisher":"https:\/\/www.facebook.com\/ekagrupgyo","article_modified_time":"2026-02-16T08:40:00+00:00","twitter_card":"summary_large_image","twitter_misc":{"Est. reading time":"1 minute"},"schema":{"@context":"https:\/\/schema.org","@graph":[{"@type":"WebPage","@id":"https:\/\/ekagrup.com.tr\/kadromuz\/","url":"https:\/\/ekagrup.com.tr\/kadromuz\/","name":"Our Team - Eka Grup","isPartOf":{"@id":"https:\/\/ekagrup.com.tr\/#website"},"datePublished":"2022-10-18T09:53:03+00:00","dateModified":"2026-02-16T08:40:00+00:00","breadcrumb":{"@id":"https:\/\/ekagrup.com.tr\/kadromuz\/#breadcrumb"},"inLanguage":"en-US","potentialAction":[{"@type":"ReadAction","target":["https:\/\/ekagrup.com.tr\/kadromuz\/"]}]},{"@type":"BreadcrumbList","@id":"https:\/\/ekagrup.com.tr\/kadromuz\/#breadcrumb","itemListElement":[{"@type":"ListItem","position":1,"name":"Anasayfa","item":"https:\/\/ekagrup.com.tr\/en\/"},{"@type":"ListItem","position":2,"name":"Our Team"}]},{"@type":"WebSite","@id":"https:\/\/ekagrup.com.tr\/#website","url":"https:\/\/ekagrup.com.tr\/","name":"Eka Grup","description":"","publisher":{"@id":"https:\/\/ekagrup.com.tr\/#organization"},"potentialAction":[{"@type":"SearchAction","target":{"@type":"EntryPoint","urlTemplate":"https:\/\/ekagrup.com.tr\/?s={search_term_string}"},"query-input":"required name=search_term_string"}],"inLanguage":"en-US"},{"@type":"Organization","@id":"https:\/\/ekagrup.com.tr\/#organization","name":"Eka Grup","url":"https:\/\/ekagrup.com.tr\/","logo":{"@type":"ImageObject","inLanguage":"en-US","@id":"https:\/\/ekagrup.com.tr\/#\/schema\/logo\/image\/","url":"https:\/\/ekagrup.com.tr\/wp-content\/uploads\/2022\/10\/logo.svg","contentUrl":"https:\/\/ekagrup.com.tr\/wp-content\/uploads\/2022\/10\/logo.svg","caption":"Eka Grup"},"image":{"@id":"https:\/\/ekagrup.com.tr\/#\/schema\/logo\/image\/"},"sameAs":["https:\/\/www.instagram.com\/eka.grup\/","https:\/\/www.facebook.com\/ekagrupgyo"]}]}},"_links":{"self":[{"href":"https:\/\/ekagrup.com.tr\/en\/wp-json\/wp\/v2\/pages\/793","targetHints":{"allow":["GET"]}}],"collection":[{"href":"https:\/\/ekagrup.com.tr\/en\/wp-json\/wp\/v2\/pages"}],"about":[{"href":"https:\/\/ekagrup.com.tr\/en\/wp-json\/wp\/v2\/types\/page"}],"author":[{"embeddable":true,"href":"https:\/\/ekagrup.com.tr\/en\/wp-json\/wp\/v2\/users\/1"}],"replies":[{"embeddable":true,"href":"https:\/\/ekagrup.com.tr\/en\/wp-json\/wp\/v2\/comments?post=793"}],"version-history":[{"count":8,"href":"https:\/\/ekagrup.com.tr\/en\/wp-json\/wp\/v2\/pages\/793\/revisions"}],"predecessor-version":[{"id":2323,"href":"https:\/\/ekagrup.com.tr\/en\/wp-json\/wp\/v2\/pages\/793\/revisions\/2323"}],"wp:attachment":[{"href":"https:\/\/ekagrup.com.tr\/en\/wp-json\/wp\/v2\/media?parent=793"}],"curies":[{"name":"wp","href":"https:\/\/api.w.org\/{rel}","templated":true}]}}