{"id":786,"date":"2022-10-18T13:15:23","date_gmt":"2022-10-18T10:15:23","guid":{"rendered":"http:\/\/ekagrup.com.tr\/sosyal-sorumluluk\/"},"modified":"2023-03-31T15:58:44","modified_gmt":"2023-03-31T12:58:44","slug":"social-responsibility","status":"publish","type":"page","link":"https:\/\/ekagrup.com.tr\/en\/social-responsibility\/","title":{"rendered":"Social Responsibility"},"content":{"rendered":"<p>[vc_row full_width=&#8221;stretch_row&#8221; content_placement=&#8221;middle&#8221; css=&#8221;.vc_custom_1670412544896{background-color: #f9f9f9 !important;}&#8221;][vc_column width=&#8221;1\/2&#8243;][vc_custom_heading text=&#8221;We visited the elderly and women in nursing homes on the occasion of Women&#8217;s Day&#8221; use_theme_fonts=&#8221;yes&#8221;][\/vc_column][vc_column width=&#8221;1\/2&#8243;][vc_raw_html]JTNDZmlndXJlJTIwY2xhc3MlM0QlMjJ3cC1ibG9jay12aWRlbyUyMHNvc3lhbHZpZGVvJTIyJTNFJTNDdmlkZW8lMjBjb250cm9scyUzRCUyMiUyMiUyMHNyYyUzRCUyMmh0dHBzJTNBJTJGJTJGZWthZ3J1cC5jb20udHIlMkZ3cC1jb250ZW50JTJGdXBsb2FkcyUyRjIwMjMlMkYwMyUyRkJ1Z3VuLWR1bnlhLWthZGlubGFyLWd1bnUtbXVuYXNlYmV0aXlsZS15YXNsaS12ZS1iYWtpbS1ldmluZGVraS1rYWRpbmxhcmltaXppLXppeWFyZXQtZXR0aWsuX19EdW55YS1LYWRpbmxhci1HdW51LUt1dGx1LU9sc3VuLl9fX2R1bnlha2FkaW5sYXJndW51LV84bWFydE1QNC5tcDQlMjIlM0UlM0MlMkZ2aWRlbyUzRSUzQyUyRmZpZ3VyZSUzRQ==[\/vc_raw_html][\/vc_column][\/vc_row][vc_row full_width=&#8221;stretch_row&#8221; content_placement=&#8221;middle&#8221; css=&#8221;.vc_custom_1670412544896{background-color: #f9f9f9 !important;}&#8221;][vc_column width=&#8221;1\/2&#8243;][vc_custom_heading text=&#8221;We stand by our earthquake victims&#8221; use_theme_fonts=&#8221;yes&#8221;][\/vc_column][vc_column width=&#8221;1\/2&#8243;][vc_raw_html]JTNDZmlndXJlJTIwY2xhc3MlM0QlMjJ3cC1ibG9jay12aWRlbyUyMHNvc3lhbHZpZGVvJTIyJTNFJTNDdmlkZW8lMjBjb250cm9scyUzRCUyMiUyMiUyMHNyYyUzRCUyMmh0dHBzJTNBJTJGJTJGZWthZ3J1cC5jb20udHIlMkZ3cC1jb250ZW50JTJGdXBsb2FkcyUyRjIwMjMlMkYwMyUyRkVrYS1HcnVwLWFpbGVtaXplXy1kZXByZW0tYm9sZ2VzaW5kZS1nb3N0ZXJtaXMtb2xkdWtsYXJpLWRlc3Rla3Rlbi1kb2xheWktdGVzZWtrdXItZWRlcml6Ll9fX2RlcHJlbS1feWFyZGltLV9zb3N5YWxzb3J1bWx1bHVrdmlkZW8wLm1wNCUyMiUzRSUzQyUyRnZpZGVvJTNFJTNDJTJGZmlndXJlJTNF[\/vc_raw_html][\/vc_column][\/vc_row][vc_row full_width=&#8221;stretch_row&#8221; content_placement=&#8221;middle&#8221; css=&#8221;.vc_custom_1670412544896{background-color: #f9f9f9 !important;}&#8221;][vc_column width=&#8221;1\/2&#8243;][vc_custom_heading text=&#8221;We continue our aid in the earthquake zone&#8221; use_theme_fonts=&#8221;yes&#8221;][\/vc_column][vc_column width=&#8221;1\/2&#8243;][vc_raw_html]JTNDZmlndXJlJTIwY2xhc3MlM0QlMjJ3cC1ibG9jay12aWRlbyUyMHNvc3lhbHZpZGVvJTIyJTNFJTNDdmlkZW8lMjBjb250cm9scyUzRCUyMiUyMiUyMHNyYyUzRCUyMmh0dHBzJTNBJTJGJTJGZWthZ3J1cC5jb20udHIlMkZ3cC1jb250ZW50JTJGdXBsb2FkcyUyRjIwMjMlMkYwMyUyRkNwem5VRVhESEpjTVA0Lm1wNCUyMiUzRSUzQyUyRnZpZGVvJTNFJTNDJTJGZmlndXJlJTNF[\/vc_raw_html][\/vc_column][\/vc_row][vc_row full_width=&#8221;stretch_row&#8221; content_placement=&#8221;middle&#8221; css=&#8221;.vc_custom_1670412544896{background-color: #f9f9f9 !important;}&#8221;][vc_column width=&#8221;1\/2&#8243;][vc_custom_heading text=&#8221;We have come to the end of the renovation and painting works of Durusu Tolga Eti Primary School, which we have undertaking as a social responsibility project.&#8221; use_theme_fonts=&#8221;yes&#8221;][\/vc_column][vc_column width=&#8221;1\/2&#8243;][vc_raw_html]JTNDZmlndXJlJTIwY2xhc3MlM0QlMjJ3cC1ibG9jay12aWRlbyUyMHNvc3lhbHZpZGVvJTIyJTNFJTNDdmlkZW8lMjBjb250cm9scyUzRCUyMiUyMiUyMHNyYyUzRCUyMmh0dHBzJTNBJTJGJTJGZWthZ3J1cC5jb20udHIlMkZ3cC1jb250ZW50JTJGdXBsb2FkcyUyRjIwMjIlMkYxMCUyRnNvc3lhbC5tcDQlMjIlM0UlM0MlMkZ2aWRlbyUzRSUzQyUyRmZpZ3VyZSUzRQ==[\/vc_raw_html][\/vc_column][\/vc_row][vc_row content_placement=&#8221;middle&#8221;][vc_column width=&#8221;1\/2&#8243;][vc_custom_heading text=&#8221;As EKA group, we are pleased, to be involved in the social responsibility project in Afghanistan.&#8221; use_theme_fonts=&#8221;yes&#8221;][vc_single_image image=&#8221;725&#8243; img_size=&#8221;full&#8221;][\/vc_column][vc_column width=&#8221;1\/2&#8243;][vc_raw_html]JTNDZmlndXJlJTIwY2xhc3MlM0QlMjJ3cC1ibG9jay12aWRlbyUyMHNvc3lhbHZpZGVvJTIyJTNFJTNDdmlkZW8lMjBjb250cm9scyUzRCUyMiUyMiUyMHNyYyUzRCUyMmh0dHBzJTNBJTJGJTJGZWthZ3J1cC5jb20udHIlMkZ3cC1jb250ZW50JTJGdXBsb2FkcyUyRjIwMjIlMkYxMCUyRnNvc3lhbDIubXA0JTIyJTNFJTNDJTJGdmlkZW8lM0UlM0MlMkZmaWd1cmUlM0U=[\/vc_raw_html][\/vc_column][\/vc_row][vc_row full_width=&#8221;stretch_row&#8221; content_placement=&#8221;middle&#8221; css=&#8221;.vc_custom_1670412544896{background-color: #f9f9f9 !important;}&#8221;][vc_column width=&#8221;1\/2&#8243;][vc_custom_heading text=&#8221;Sosyal sorumluluk projemiz Ta\u015foluk TOK\u0130 ana okulu d\u0131\u015f cephe boya \u00e7al\u0131\u015fmalar\u0131&#8221; use_theme_fonts=&#8221;yes&#8221;][\/vc_column][vc_column width=&#8221;1\/2&#8243;][vc_raw_html]JTNDZmlndXJlJTIwY2xhc3MlM0QlMjJ3cC1ibG9jay12aWRlbyUyMHNvc3lhbHZpZGVvJTIyJTNFJTNDdmlkZW8lMjBjb250cm9scyUzRCUyMiUyMiUyMHNyYyUzRCUyMmh0dHBzJTNBJTJGJTJGZWthZ3J1cC5jb20udHIlMkZ3cC1jb250ZW50JTJGdXBsb2FkcyUyRjIwMjIlMkYxMiUyRnRhc29sdWsubXA0JTIyJTNFJTNDJTJGdmlkZW8lM0UlM0MlMkZmaWd1cmUlM0U=[\/vc_raw_html][\/vc_column][\/vc_row][vc_row content_placement=&#8221;middle&#8221;][vc_column width=&#8221;1\/2&#8243;][vc_custom_heading text=&#8221;\u00d6\u011fretmenler g\u00fcn\u00fcnde Arnavutk\u00f6y \u0130lkokulunda e\u011fitim veren \u00d6\u011fretmenlerimize hediyelerini takdim ettik.&#8221; use_theme_fonts=&#8221;yes&#8221;][\/vc_column][vc_column width=&#8221;1\/2&#8243;][vc_raw_html]JTNDZmlndXJlJTIwY2xhc3MlM0QlMjJ3cC1ibG9jay12aWRlbyUyMHNvc3lhbHZpZGVvJTIyJTNFJTNDdmlkZW8lMjBjb250cm9scyUzRCUyMiUyMiUyMHNyYyUzRCUyMmh0dHBzJTNBJTJGJTJGZWthZ3J1cC5jb20udHIlMkZ3cC1jb250ZW50JTJGdXBsb2FkcyUyRjIwMjIlMkYxMiUyRmFybmF2dXRrb3kubXA0JTIyJTNFJTNDJTJGdmlkZW8lM0UlM0MlMkZmaWd1cmUlM0U=[\/vc_raw_html][\/vc_column][\/vc_row]<\/p>\n","protected":false},"excerpt":{"rendered":"<p>[vc_row full_width=&#8221;stretch_row&#8221; content_placement=&#8221;middle&#8221; css=&#8221;.vc_custom_1670412544896{background-color: #f9f9f9 !important;}&#8221;][vc_column width=&#8221;1\/2&#8243;][vc_custom_heading text=&#8221;We visited the elderly and women in nursing homes on the occasion of Women&#8217;s Day&#8221; use_theme_fonts=&#8221;yes&#8221;][\/vc_column][vc_column width=&#8221;1\/2&#8243;][vc_raw_html]JTNDZmlndXJlJTIwY2xhc3MlM0QlMjJ3cC1ibG9jay12aWRlbyUyMHNvc3lhbHZpZGVvJTIyJTNFJTNDdmlkZW8lMjBjb250cm9scyUzRCUyMiUyMiUyMHNyYyUzRCUyMmh0dHBzJTNBJTJGJTJGZWthZ3J1cC5jb20udHIlMkZ3cC1jb250ZW50JTJGdXBsb2FkcyUyRjIwMjMlMkYwMyUyRkJ1Z3VuLWR1bnlhLWthZGlubGFyLWd1bnUtbXVuYXNlYmV0aXlsZS15YXNsaS12ZS1iYWtpbS1ldmluZGVraS1rYWRpbmxhcmltaXppLXppeWFyZXQtZXR0aWsuX19EdW55YS1LYWRpbmxhci1HdW51LUt1dGx1LU9sc3VuLl9fX2R1bnlha2FkaW5sYXJndW51LV84bWFydE1QNC5tcDQlMjIlM0UlM0MlMkZ2aWRlbyUzRSUzQyUyRmZpZ3VyZSUzRQ==[\/vc_raw_html][\/vc_column][\/vc_row][vc_row full_width=&#8221;stretch_row&#8221; content_placement=&#8221;middle&#8221; css=&#8221;.vc_custom_1670412544896{background-color: #f9f9f9 !important;}&#8221;][vc_column width=&#8221;1\/2&#8243;][vc_custom_heading text=&#8221;We stand by our earthquake victims&#8221; use_theme_fonts=&#8221;yes&#8221;][\/vc_column][vc_column width=&#8221;1\/2&#8243;][vc_raw_html]JTNDZmlndXJlJTIwY2xhc3MlM0QlMjJ3cC1ibG9jay12aWRlbyUyMHNvc3lhbHZpZGVvJTIyJTNFJTNDdmlkZW8lMjBjb250cm9scyUzRCUyMiUyMiUyMHNyYyUzRCUyMmh0dHBzJTNBJTJGJTJGZWthZ3J1cC5jb20udHIlMkZ3cC1jb250ZW50JTJGdXBsb2FkcyUyRjIwMjMlMkYwMyUyRkVrYS1HcnVwLWFpbGVtaXplXy1kZXByZW0tYm9sZ2VzaW5kZS1nb3N0ZXJtaXMtb2xkdWtsYXJpLWRlc3Rla3Rlbi1kb2xheWktdGVzZWtrdXItZWRlcml6Ll9fX2RlcHJlbS1feWFyZGltLV9zb3N5YWxzb3J1bWx1bHVrdmlkZW8wLm1wNCUyMiUzRSUzQyUyRnZpZGVvJTNFJTNDJTJGZmlndXJlJTNF[\/vc_raw_html][\/vc_column][\/vc_row][vc_row full_width=&#8221;stretch_row&#8221; content_placement=&#8221;middle&#8221; css=&#8221;.vc_custom_1670412544896{background-color: #f9f9f9 !important;}&#8221;][vc_column width=&#8221;1\/2&#8243;][vc_custom_heading text=&#8221;We continue our aid in the earthquake zone&#8221; use_theme_fonts=&#8221;yes&#8221;][\/vc_column][vc_column width=&#8221;1\/2&#8243;][vc_raw_html]JTNDZmlndXJlJTIwY2xhc3MlM0QlMjJ3cC1ibG9jay12aWRlbyUyMHNvc3lhbHZpZGVvJTIyJTNFJTNDdmlkZW8lMjBjb250cm9scyUzRCUyMiUyMiUyMHNyYyUzRCUyMmh0dHBzJTNBJTJGJTJGZWthZ3J1cC5jb20udHIlMkZ3cC1jb250ZW50JTJGdXBsb2FkcyUyRjIwMjMlMkYwMyUyRkNwem5VRVhESEpjTVA0Lm1wNCUyMiUzRSUzQyUyRnZpZGVvJTNFJTNDJTJGZmlndXJlJTNF[\/vc_raw_html][\/vc_column][\/vc_row][vc_row full_width=&#8221;stretch_row&#8221; content_placement=&#8221;middle&#8221; css=&#8221;.vc_custom_1670412544896{background-color: #f9f9f9 !important;}&#8221;][vc_column width=&#8221;1\/2&#8243;][vc_custom_heading text=&#8221;We have come to the end of the renovation and painting works of Durusu Tolga Eti Primary School, which we have undertaking as a social responsibility project.&#8221; use_theme_fonts=&#8221;yes&#8221;][\/vc_column][vc_column width=&#8221;1\/2&#8243;][vc_raw_html]JTNDZmlndXJlJTIwY2xhc3MlM0QlMjJ3cC1ibG9jay12aWRlbyUyMHNvc3lhbHZpZGVvJTIyJTNFJTNDdmlkZW8lMjBjb250cm9scyUzRCUyMiUyMiUyMHNyYyUzRCUyMmh0dHBzJTNBJTJGJTJGZWthZ3J1cC5jb20udHIlMkZ3cC1jb250ZW50JTJGdXBsb2FkcyUyRjIwMjIlMkYxMCUyRnNvc3lhbC5tcDQlMjIlM0UlM0MlMkZ2aWRlbyUzRSUzQyUyRmZpZ3VyZSUzRQ==[\/vc_raw_html][\/vc_column][\/vc_row][vc_row content_placement=&#8221;middle&#8221;][vc_column width=&#8221;1\/2&#8243;][vc_custom_heading text=&#8221;As EKA group, we are pleased, to be involved [&hellip;]<\/p>\n","protected":false},"author":1,"featured_media":0,"parent":0,"menu_order":0,"comment_status":"closed","ping_status":"closed","template":"","meta":{"footnotes":""},"class_list":["post-786","page","type-page","status-publish","hentry"],"yoast_head":"<!-- This site is optimized with the Yoast SEO plugin v19.14 - https:\/\/yoast.com\/wordpress\/plugins\/seo\/ -->\n<title>Social Responsibility - Eka Grup<\/title>\n<meta name=\"robots\" content=\"index, follow, max-snippet:-1, max-image-preview:large, max-video-preview:-1\" \/>\n<link rel=\"canonical\" href=\"https:\/\/ekagrup.com.tr\/en\/social-responsibility\/\" \/>\n<meta property=\"og:locale\" content=\"en_US\" \/>\n<meta property=\"og:type\" content=\"article\" \/>\n<meta property=\"og:title\" content=\"Social Responsibility - Eka Grup\" \/>\n<meta property=\"og:description\" content=\"[vc_row full_width=&#8221;stretch_row&#8221; content_placement=&#8221;middle&#8221; css=&#8221;.vc_custom_1670412544896{background-color: #f9f9f9 !important;}&#8221;][vc_column width=&#8221;1\/2&#8243;][vc_custom_heading text=&#8221;We visited the elderly and women in nursing homes on the occasion of Women&#8217;s Day&#8221; use_theme_fonts=&#8221;yes&#8221;][\/vc_column][vc_column width=&#8221;1\/2&#8243;][vc_raw_html]JTNDZmlndXJlJTIwY2xhc3MlM0QlMjJ3cC1ibG9jay12aWRlbyUyMHNvc3lhbHZpZGVvJTIyJTNFJTNDdmlkZW8lMjBjb250cm9scyUzRCUyMiUyMiUyMHNyYyUzRCUyMmh0dHBzJTNBJTJGJTJGZWthZ3J1cC5jb20udHIlMkZ3cC1jb250ZW50JTJGdXBsb2FkcyUyRjIwMjMlMkYwMyUyRkJ1Z3VuLWR1bnlhLWthZGlubGFyLWd1bnUtbXVuYXNlYmV0aXlsZS15YXNsaS12ZS1iYWtpbS1ldmluZGVraS1rYWRpbmxhcmltaXppLXppeWFyZXQtZXR0aWsuX19EdW55YS1LYWRpbmxhci1HdW51LUt1dGx1LU9sc3VuLl9fX2R1bnlha2FkaW5sYXJndW51LV84bWFydE1QNC5tcDQlMjIlM0UlM0MlMkZ2aWRlbyUzRSUzQyUyRmZpZ3VyZSUzRQ==[\/vc_raw_html][\/vc_column][\/vc_row][vc_row full_width=&#8221;stretch_row&#8221; content_placement=&#8221;middle&#8221; css=&#8221;.vc_custom_1670412544896{background-color: #f9f9f9 !important;}&#8221;][vc_column width=&#8221;1\/2&#8243;][vc_custom_heading text=&#8221;We stand by our earthquake victims&#8221; use_theme_fonts=&#8221;yes&#8221;][\/vc_column][vc_column width=&#8221;1\/2&#8243;][vc_raw_html]JTNDZmlndXJlJTIwY2xhc3MlM0QlMjJ3cC1ibG9jay12aWRlbyUyMHNvc3lhbHZpZGVvJTIyJTNFJTNDdmlkZW8lMjBjb250cm9scyUzRCUyMiUyMiUyMHNyYyUzRCUyMmh0dHBzJTNBJTJGJTJGZWthZ3J1cC5jb20udHIlMkZ3cC1jb250ZW50JTJGdXBsb2FkcyUyRjIwMjMlMkYwMyUyRkVrYS1HcnVwLWFpbGVtaXplXy1kZXByZW0tYm9sZ2VzaW5kZS1nb3N0ZXJtaXMtb2xkdWtsYXJpLWRlc3Rla3Rlbi1kb2xheWktdGVzZWtrdXItZWRlcml6Ll9fX2RlcHJlbS1feWFyZGltLV9zb3N5YWxzb3J1bWx1bHVrdmlkZW8wLm1wNCUyMiUzRSUzQyUyRnZpZGVvJTNFJTNDJTJGZmlndXJlJTNF[\/vc_raw_html][\/vc_column][\/vc_row][vc_row full_width=&#8221;stretch_row&#8221; content_placement=&#8221;middle&#8221; css=&#8221;.vc_custom_1670412544896{background-color: #f9f9f9 !important;}&#8221;][vc_column width=&#8221;1\/2&#8243;][vc_custom_heading text=&#8221;We continue our aid in the earthquake zone&#8221; use_theme_fonts=&#8221;yes&#8221;][\/vc_column][vc_column width=&#8221;1\/2&#8243;][vc_raw_html]JTNDZmlndXJlJTIwY2xhc3MlM0QlMjJ3cC1ibG9jay12aWRlbyUyMHNvc3lhbHZpZGVvJTIyJTNFJTNDdmlkZW8lMjBjb250cm9scyUzRCUyMiUyMiUyMHNyYyUzRCUyMmh0dHBzJTNBJTJGJTJGZWthZ3J1cC5jb20udHIlMkZ3cC1jb250ZW50JTJGdXBsb2FkcyUyRjIwMjMlMkYwMyUyRkNwem5VRVhESEpjTVA0Lm1wNCUyMiUzRSUzQyUyRnZpZGVvJTNFJTNDJTJGZmlndXJlJTNF[\/vc_raw_html][\/vc_column][\/vc_row][vc_row full_width=&#8221;stretch_row&#8221; content_placement=&#8221;middle&#8221; css=&#8221;.vc_custom_1670412544896{background-color: #f9f9f9 !important;}&#8221;][vc_column width=&#8221;1\/2&#8243;][vc_custom_heading text=&#8221;We have come to the end of the renovation and painting works of Durusu Tolga Eti Primary School, which we have undertaking as a social responsibility project.&#8221; use_theme_fonts=&#8221;yes&#8221;][\/vc_column][vc_column width=&#8221;1\/2&#8243;][vc_raw_html]JTNDZmlndXJlJTIwY2xhc3MlM0QlMjJ3cC1ibG9jay12aWRlbyUyMHNvc3lhbHZpZGVvJTIyJTNFJTNDdmlkZW8lMjBjb250cm9scyUzRCUyMiUyMiUyMHNyYyUzRCUyMmh0dHBzJTNBJTJGJTJGZWthZ3J1cC5jb20udHIlMkZ3cC1jb250ZW50JTJGdXBsb2FkcyUyRjIwMjIlMkYxMCUyRnNvc3lhbC5tcDQlMjIlM0UlM0MlMkZ2aWRlbyUzRSUzQyUyRmZpZ3VyZSUzRQ==[\/vc_raw_html][\/vc_column][\/vc_row][vc_row content_placement=&#8221;middle&#8221;][vc_column width=&#8221;1\/2&#8243;][vc_custom_heading text=&#8221;As EKA group, we are pleased, to be involved [&hellip;]\" \/>\n<meta property=\"og:url\" content=\"https:\/\/ekagrup.com.tr\/en\/social-responsibility\/\" \/>\n<meta property=\"og:site_name\" content=\"Eka Grup\" \/>\n<meta property=\"article:publisher\" content=\"https:\/\/www.facebook.com\/ekagrupgyo\" \/>\n<meta property=\"article:modified_time\" content=\"2023-03-31T12:58:44+00:00\" \/>\n<meta name=\"twitter:card\" content=\"summary_large_image\" \/>\n<meta name=\"twitter:label1\" content=\"Est. reading time\" \/>\n\t<meta name=\"twitter:data1\" content=\"3 minutes\" \/>\n<script type=\"application\/ld+json\" class=\"yoast-schema-graph\">{\"@context\":\"https:\/\/schema.org\",\"@graph\":[{\"@type\":\"WebPage\",\"@id\":\"https:\/\/ekagrup.com.tr\/en\/social-responsibility\/\",\"url\":\"https:\/\/ekagrup.com.tr\/en\/social-responsibility\/\",\"name\":\"Social Responsibility - Eka Grup\",\"isPartOf\":{\"@id\":\"https:\/\/ekagrup.com.tr\/#website\"},\"datePublished\":\"2022-10-18T10:15:23+00:00\",\"dateModified\":\"2023-03-31T12:58:44+00:00\",\"breadcrumb\":{\"@id\":\"https:\/\/ekagrup.com.tr\/en\/social-responsibility\/#breadcrumb\"},\"inLanguage\":\"en-US\",\"potentialAction\":[{\"@type\":\"ReadAction\",\"target\":[\"https:\/\/ekagrup.com.tr\/en\/social-responsibility\/\"]}]},{\"@type\":\"BreadcrumbList\",\"@id\":\"https:\/\/ekagrup.com.tr\/en\/social-responsibility\/#breadcrumb\",\"itemListElement\":[{\"@type\":\"ListItem\",\"position\":1,\"name\":\"Anasayfa\",\"item\":\"https:\/\/ekagrup.com.tr\/en\/\"},{\"@type\":\"ListItem\",\"position\":2,\"name\":\"Social Responsibility\"}]},{\"@type\":\"WebSite\",\"@id\":\"https:\/\/ekagrup.com.tr\/#website\",\"url\":\"https:\/\/ekagrup.com.tr\/\",\"name\":\"Eka Grup\",\"description\":\"\",\"publisher\":{\"@id\":\"https:\/\/ekagrup.com.tr\/#organization\"},\"potentialAction\":[{\"@type\":\"SearchAction\",\"target\":{\"@type\":\"EntryPoint\",\"urlTemplate\":\"https:\/\/ekagrup.com.tr\/?s={search_term_string}\"},\"query-input\":\"required name=search_term_string\"}],\"inLanguage\":\"en-US\"},{\"@type\":\"Organization\",\"@id\":\"https:\/\/ekagrup.com.tr\/#organization\",\"name\":\"Eka Grup\",\"url\":\"https:\/\/ekagrup.com.tr\/\",\"logo\":{\"@type\":\"ImageObject\",\"inLanguage\":\"en-US\",\"@id\":\"https:\/\/ekagrup.com.tr\/#\/schema\/logo\/image\/\",\"url\":\"https:\/\/ekagrup.com.tr\/wp-content\/uploads\/2022\/10\/logo.svg\",\"contentUrl\":\"https:\/\/ekagrup.com.tr\/wp-content\/uploads\/2022\/10\/logo.svg\",\"caption\":\"Eka Grup\"},\"image\":{\"@id\":\"https:\/\/ekagrup.com.tr\/#\/schema\/logo\/image\/\"},\"sameAs\":[\"https:\/\/www.instagram.com\/eka.grup\/\",\"https:\/\/www.facebook.com\/ekagrupgyo\"]}]}<\/script>\n<!-- \/ Yoast SEO plugin. -->","yoast_head_json":{"title":"Social Responsibility - Eka Grup","robots":{"index":"index","follow":"follow","max-snippet":"max-snippet:-1","max-image-preview":"max-image-preview:large","max-video-preview":"max-video-preview:-1"},"canonical":"https:\/\/ekagrup.com.tr\/en\/social-responsibility\/","og_locale":"en_US","og_type":"article","og_title":"Social Responsibility - Eka Grup","og_description":"[vc_row full_width=&#8221;stretch_row&#8221; content_placement=&#8221;middle&#8221; css=&#8221;.vc_custom_1670412544896{background-color: #f9f9f9 !important;}&#8221;][vc_column width=&#8221;1\/2&#8243;][vc_custom_heading text=&#8221;We visited the elderly and women in nursing homes on the occasion of Women&#8217;s Day&#8221; use_theme_fonts=&#8221;yes&#8221;][\/vc_column][vc_column width=&#8221;1\/2&#8243;][vc_raw_html]JTNDZmlndXJlJTIwY2xhc3MlM0QlMjJ3cC1ibG9jay12aWRlbyUyMHNvc3lhbHZpZGVvJTIyJTNFJTNDdmlkZW8lMjBjb250cm9scyUzRCUyMiUyMiUyMHNyYyUzRCUyMmh0dHBzJTNBJTJGJTJGZWthZ3J1cC5jb20udHIlMkZ3cC1jb250ZW50JTJGdXBsb2FkcyUyRjIwMjMlMkYwMyUyRkJ1Z3VuLWR1bnlhLWthZGlubGFyLWd1bnUtbXVuYXNlYmV0aXlsZS15YXNsaS12ZS1iYWtpbS1ldmluZGVraS1rYWRpbmxhcmltaXppLXppeWFyZXQtZXR0aWsuX19EdW55YS1LYWRpbmxhci1HdW51LUt1dGx1LU9sc3VuLl9fX2R1bnlha2FkaW5sYXJndW51LV84bWFydE1QNC5tcDQlMjIlM0UlM0MlMkZ2aWRlbyUzRSUzQyUyRmZpZ3VyZSUzRQ==[\/vc_raw_html][\/vc_column][\/vc_row][vc_row full_width=&#8221;stretch_row&#8221; content_placement=&#8221;middle&#8221; css=&#8221;.vc_custom_1670412544896{background-color: #f9f9f9 !important;}&#8221;][vc_column width=&#8221;1\/2&#8243;][vc_custom_heading text=&#8221;We stand by our earthquake victims&#8221; use_theme_fonts=&#8221;yes&#8221;][\/vc_column][vc_column width=&#8221;1\/2&#8243;][vc_raw_html]JTNDZmlndXJlJTIwY2xhc3MlM0QlMjJ3cC1ibG9jay12aWRlbyUyMHNvc3lhbHZpZGVvJTIyJTNFJTNDdmlkZW8lMjBjb250cm9scyUzRCUyMiUyMiUyMHNyYyUzRCUyMmh0dHBzJTNBJTJGJTJGZWthZ3J1cC5jb20udHIlMkZ3cC1jb250ZW50JTJGdXBsb2FkcyUyRjIwMjMlMkYwMyUyRkVrYS1HcnVwLWFpbGVtaXplXy1kZXByZW0tYm9sZ2VzaW5kZS1nb3N0ZXJtaXMtb2xkdWtsYXJpLWRlc3Rla3Rlbi1kb2xheWktdGVzZWtrdXItZWRlcml6Ll9fX2RlcHJlbS1feWFyZGltLV9zb3N5YWxzb3J1bWx1bHVrdmlkZW8wLm1wNCUyMiUzRSUzQyUyRnZpZGVvJTNFJTNDJTJGZmlndXJlJTNF[\/vc_raw_html][\/vc_column][\/vc_row][vc_row full_width=&#8221;stretch_row&#8221; content_placement=&#8221;middle&#8221; css=&#8221;.vc_custom_1670412544896{background-color: #f9f9f9 !important;}&#8221;][vc_column width=&#8221;1\/2&#8243;][vc_custom_heading text=&#8221;We continue our aid in the earthquake zone&#8221; use_theme_fonts=&#8221;yes&#8221;][\/vc_column][vc_column width=&#8221;1\/2&#8243;][vc_raw_html]JTNDZmlndXJlJTIwY2xhc3MlM0QlMjJ3cC1ibG9jay12aWRlbyUyMHNvc3lhbHZpZGVvJTIyJTNFJTNDdmlkZW8lMjBjb250cm9scyUzRCUyMiUyMiUyMHNyYyUzRCUyMmh0dHBzJTNBJTJGJTJGZWthZ3J1cC5jb20udHIlMkZ3cC1jb250ZW50JTJGdXBsb2FkcyUyRjIwMjMlMkYwMyUyRkNwem5VRVhESEpjTVA0Lm1wNCUyMiUzRSUzQyUyRnZpZGVvJTNFJTNDJTJGZmlndXJlJTNF[\/vc_raw_html][\/vc_column][\/vc_row][vc_row full_width=&#8221;stretch_row&#8221; content_placement=&#8221;middle&#8221; css=&#8221;.vc_custom_1670412544896{background-color: #f9f9f9 !important;}&#8221;][vc_column width=&#8221;1\/2&#8243;][vc_custom_heading text=&#8221;We have come to the end of the renovation and painting works of Durusu Tolga Eti Primary School, which we have undertaking as a social responsibility project.&#8221; use_theme_fonts=&#8221;yes&#8221;][\/vc_column][vc_column width=&#8221;1\/2&#8243;][vc_raw_html]JTNDZmlndXJlJTIwY2xhc3MlM0QlMjJ3cC1ibG9jay12aWRlbyUyMHNvc3lhbHZpZGVvJTIyJTNFJTNDdmlkZW8lMjBjb250cm9scyUzRCUyMiUyMiUyMHNyYyUzRCUyMmh0dHBzJTNBJTJGJTJGZWthZ3J1cC5jb20udHIlMkZ3cC1jb250ZW50JTJGdXBsb2FkcyUyRjIwMjIlMkYxMCUyRnNvc3lhbC5tcDQlMjIlM0UlM0MlMkZ2aWRlbyUzRSUzQyUyRmZpZ3VyZSUzRQ==[\/vc_raw_html][\/vc_column][\/vc_row][vc_row content_placement=&#8221;middle&#8221;][vc_column width=&#8221;1\/2&#8243;][vc_custom_heading text=&#8221;As EKA group, we are pleased, to be involved [&hellip;]","og_url":"https:\/\/ekagrup.com.tr\/en\/social-responsibility\/","og_site_name":"Eka Grup","article_publisher":"https:\/\/www.facebook.com\/ekagrupgyo","article_modified_time":"2023-03-31T12:58:44+00:00","twitter_card":"summary_large_image","twitter_misc":{"Est. reading time":"3 minutes"},"schema":{"@context":"https:\/\/schema.org","@graph":[{"@type":"WebPage","@id":"https:\/\/ekagrup.com.tr\/en\/social-responsibility\/","url":"https:\/\/ekagrup.com.tr\/en\/social-responsibility\/","name":"Social Responsibility - Eka Grup","isPartOf":{"@id":"https:\/\/ekagrup.com.tr\/#website"},"datePublished":"2022-10-18T10:15:23+00:00","dateModified":"2023-03-31T12:58:44+00:00","breadcrumb":{"@id":"https:\/\/ekagrup.com.tr\/en\/social-responsibility\/#breadcrumb"},"inLanguage":"en-US","potentialAction":[{"@type":"ReadAction","target":["https:\/\/ekagrup.com.tr\/en\/social-responsibility\/"]}]},{"@type":"BreadcrumbList","@id":"https:\/\/ekagrup.com.tr\/en\/social-responsibility\/#breadcrumb","itemListElement":[{"@type":"ListItem","position":1,"name":"Anasayfa","item":"https:\/\/ekagrup.com.tr\/en\/"},{"@type":"ListItem","position":2,"name":"Social Responsibility"}]},{"@type":"WebSite","@id":"https:\/\/ekagrup.com.tr\/#website","url":"https:\/\/ekagrup.com.tr\/","name":"Eka Grup","description":"","publisher":{"@id":"https:\/\/ekagrup.com.tr\/#organization"},"potentialAction":[{"@type":"SearchAction","target":{"@type":"EntryPoint","urlTemplate":"https:\/\/ekagrup.com.tr\/?s={search_term_string}"},"query-input":"required name=search_term_string"}],"inLanguage":"en-US"},{"@type":"Organization","@id":"https:\/\/ekagrup.com.tr\/#organization","name":"Eka Grup","url":"https:\/\/ekagrup.com.tr\/","logo":{"@type":"ImageObject","inLanguage":"en-US","@id":"https:\/\/ekagrup.com.tr\/#\/schema\/logo\/image\/","url":"https:\/\/ekagrup.com.tr\/wp-content\/uploads\/2022\/10\/logo.svg","contentUrl":"https:\/\/ekagrup.com.tr\/wp-content\/uploads\/2022\/10\/logo.svg","caption":"Eka Grup"},"image":{"@id":"https:\/\/ekagrup.com.tr\/#\/schema\/logo\/image\/"},"sameAs":["https:\/\/www.instagram.com\/eka.grup\/","https:\/\/www.facebook.com\/ekagrupgyo"]}]}},"_links":{"self":[{"href":"https:\/\/ekagrup.com.tr\/en\/wp-json\/wp\/v2\/pages\/786","targetHints":{"allow":["GET"]}}],"collection":[{"href":"https:\/\/ekagrup.com.tr\/en\/wp-json\/wp\/v2\/pages"}],"about":[{"href":"https:\/\/ekagrup.com.tr\/en\/wp-json\/wp\/v2\/types\/page"}],"author":[{"embeddable":true,"href":"https:\/\/ekagrup.com.tr\/en\/wp-json\/wp\/v2\/users\/1"}],"replies":[{"embeddable":true,"href":"https:\/\/ekagrup.com.tr\/en\/wp-json\/wp\/v2\/comments?post=786"}],"version-history":[{"count":6,"href":"https:\/\/ekagrup.com.tr\/en\/wp-json\/wp\/v2\/pages\/786\/revisions"}],"predecessor-version":[{"id":1276,"href":"https:\/\/ekagrup.com.tr\/en\/wp-json\/wp\/v2\/pages\/786\/revisions\/1276"}],"wp:attachment":[{"href":"https:\/\/ekagrup.com.tr\/en\/wp-json\/wp\/v2\/media?parent=786"}],"curies":[{"name":"wp","href":"https:\/\/api.w.org\/{rel}","templated":true}]}}