{"id":772,"date":"2022-10-28T16:28:11","date_gmt":"2022-10-28T13:28:11","guid":{"rendered":"http:\/\/ekagrup.com.tr\/kemal-cudi\/"},"modified":"2026-02-06T12:51:01","modified_gmt":"2026-02-06T09:51:01","slug":"kemal-cudi","status":"publish","type":"page","link":"https:\/\/ekagrup.com.tr\/en\/kemal-cudi\/","title":{"rendered":"KEMAL CUD\u0130"},"content":{"rendered":"<p>[vc_row css=&#8221;.vc_custom_1666963518032{padding-top: 100px !important;padding-bottom: 60px !important;}&#8221;][vc_column width=&#8221;1\/3&#8243;][vc_single_image image=&#8221;749&#8243; img_size=&#8221;full&#8221; style=&#8221;vc_box_rounded&#8221;][\/vc_column][vc_column width=&#8221;2\/3&#8243;][vc_custom_heading text=&#8221;KEMAL CUD\u0130&#8221; use_theme_fonts=&#8221;yes&#8221;][vc_column_text el_class=&#8221;kdetayfs&#8221;]Kemal Cudi was born in 1979 in Bah\u00e7esaray district of Van. He has been living in Arnavutk\u00f6y, Istanbul since 1995. He is one of the leading figures in Arnavutk\u00f6y, known for his trust and respect, and has played an active role in the region&#8217;s construction and development process.<\/p>\n<p>Mina Construction began its activities in the construction and building sector in 2005 as a contractor in Arnavutk\u00f6y; and has contributed to the architectural development of the region with projects realized with a focus on quality and durability. Through its work under the Mina Construction umbrella, it has established a stable position in the sector.<\/p>\n<p>Kemal Cudi, who has investments in various fields besides the construction sector, is among the partners of Van S\u00fctl\u00fcce. He is also the founding president of \u0130SVANDER (Istanbul Van Residents Association). Since 2021, he has been among the founding partners of EKA Group and continues his work under a corporate structure.<\/p>\n<p>With his experience and reliable demeanor, he stands out as a respected businessman in Arnavutk\u00f6y.[\/vc_column_text][\/vc_column][\/vc_row]<\/p>\n","protected":false},"excerpt":{"rendered":"<p>[vc_row css=&#8221;.vc_custom_1666963518032{padding-top: 100px !important;padding-bottom: 60px !important;}&#8221;][vc_column width=&#8221;1\/3&#8243;][vc_single_image image=&#8221;749&#8243; img_size=&#8221;full&#8221; style=&#8221;vc_box_rounded&#8221;][\/vc_column][vc_column width=&#8221;2\/3&#8243;][vc_custom_heading text=&#8221;KEMAL CUD\u0130&#8221; use_theme_fonts=&#8221;yes&#8221;][vc_column_text el_class=&#8221;kdetayfs&#8221;]Kemal Cudi was born in 1979 in Bah\u00e7esaray district of Van. He has been living in Arnavutk\u00f6y, Istanbul since 1995. He is one of the leading figures in Arnavutk\u00f6y, known for his trust and respect, and has played an active role in the region&#8217;s construction and development process. Mina Construction began its activities in the construction and building sector in 2005 as a contractor in Arnavutk\u00f6y; and has contributed to the architectural development of the region with projects realized with a focus on quality and durability. [&hellip;]<\/p>\n","protected":false},"author":1,"featured_media":0,"parent":0,"menu_order":0,"comment_status":"closed","ping_status":"closed","template":"kadrodetay.php","meta":{"footnotes":""},"class_list":["post-772","page","type-page","status-publish","hentry"],"yoast_head":"<!-- This site is optimized with the Yoast SEO plugin v19.14 - https:\/\/yoast.com\/wordpress\/plugins\/seo\/ -->\n<title>KEMAL CUD\u0130 - Eka Grup<\/title>\n<meta name=\"robots\" content=\"index, follow, max-snippet:-1, max-image-preview:large, max-video-preview:-1\" \/>\n<link rel=\"canonical\" href=\"https:\/\/ekagrup.com.tr\/en\/kemal-cudi\/\" \/>\n<meta property=\"og:locale\" content=\"en_US\" \/>\n<meta property=\"og:type\" content=\"article\" \/>\n<meta property=\"og:title\" content=\"KEMAL CUD\u0130 - Eka Grup\" \/>\n<meta property=\"og:description\" content=\"[vc_row css=&#8221;.vc_custom_1666963518032{padding-top: 100px !important;padding-bottom: 60px !important;}&#8221;][vc_column width=&#8221;1\/3&#8243;][vc_single_image image=&#8221;749&#8243; img_size=&#8221;full&#8221; style=&#8221;vc_box_rounded&#8221;][\/vc_column][vc_column width=&#8221;2\/3&#8243;][vc_custom_heading text=&#8221;KEMAL CUD\u0130&#8221; use_theme_fonts=&#8221;yes&#8221;][vc_column_text el_class=&#8221;kdetayfs&#8221;]Kemal Cudi was born in 1979 in Bah\u00e7esaray district of Van. He has been living in Arnavutk\u00f6y, Istanbul since 1995. He is one of the leading figures in Arnavutk\u00f6y, known for his trust and respect, and has played an active role in the region&#8217;s construction and development process. Mina Construction began its activities in the construction and building sector in 2005 as a contractor in Arnavutk\u00f6y; and has contributed to the architectural development of the region with projects realized with a focus on quality and durability. [&hellip;]\" \/>\n<meta property=\"og:url\" content=\"https:\/\/ekagrup.com.tr\/en\/kemal-cudi\/\" \/>\n<meta property=\"og:site_name\" content=\"Eka Grup\" \/>\n<meta property=\"article:publisher\" content=\"https:\/\/www.facebook.com\/ekagrupgyo\" \/>\n<meta property=\"article:modified_time\" content=\"2026-02-06T09:51:01+00:00\" \/>\n<meta name=\"twitter:card\" content=\"summary_large_image\" \/>\n<meta name=\"twitter:label1\" content=\"Est. reading time\" \/>\n\t<meta name=\"twitter:data1\" content=\"1 minute\" \/>\n<script type=\"application\/ld+json\" class=\"yoast-schema-graph\">{\"@context\":\"https:\/\/schema.org\",\"@graph\":[{\"@type\":\"WebPage\",\"@id\":\"https:\/\/ekagrup.com.tr\/en\/kemal-cudi\/\",\"url\":\"https:\/\/ekagrup.com.tr\/en\/kemal-cudi\/\",\"name\":\"KEMAL CUD\u0130 - Eka Grup\",\"isPartOf\":{\"@id\":\"https:\/\/ekagrup.com.tr\/#website\"},\"datePublished\":\"2022-10-28T13:28:11+00:00\",\"dateModified\":\"2026-02-06T09:51:01+00:00\",\"breadcrumb\":{\"@id\":\"https:\/\/ekagrup.com.tr\/en\/kemal-cudi\/#breadcrumb\"},\"inLanguage\":\"en-US\",\"potentialAction\":[{\"@type\":\"ReadAction\",\"target\":[\"https:\/\/ekagrup.com.tr\/en\/kemal-cudi\/\"]}]},{\"@type\":\"BreadcrumbList\",\"@id\":\"https:\/\/ekagrup.com.tr\/en\/kemal-cudi\/#breadcrumb\",\"itemListElement\":[{\"@type\":\"ListItem\",\"position\":1,\"name\":\"Anasayfa\",\"item\":\"https:\/\/ekagrup.com.tr\/en\/\"},{\"@type\":\"ListItem\",\"position\":2,\"name\":\"KEMAL CUD\u0130\"}]},{\"@type\":\"WebSite\",\"@id\":\"https:\/\/ekagrup.com.tr\/#website\",\"url\":\"https:\/\/ekagrup.com.tr\/\",\"name\":\"Eka Grup\",\"description\":\"\",\"publisher\":{\"@id\":\"https:\/\/ekagrup.com.tr\/#organization\"},\"potentialAction\":[{\"@type\":\"SearchAction\",\"target\":{\"@type\":\"EntryPoint\",\"urlTemplate\":\"https:\/\/ekagrup.com.tr\/?s={search_term_string}\"},\"query-input\":\"required name=search_term_string\"}],\"inLanguage\":\"en-US\"},{\"@type\":\"Organization\",\"@id\":\"https:\/\/ekagrup.com.tr\/#organization\",\"name\":\"Eka Grup\",\"url\":\"https:\/\/ekagrup.com.tr\/\",\"logo\":{\"@type\":\"ImageObject\",\"inLanguage\":\"en-US\",\"@id\":\"https:\/\/ekagrup.com.tr\/#\/schema\/logo\/image\/\",\"url\":\"https:\/\/ekagrup.com.tr\/wp-content\/uploads\/2022\/10\/logo.svg\",\"contentUrl\":\"https:\/\/ekagrup.com.tr\/wp-content\/uploads\/2022\/10\/logo.svg\",\"caption\":\"Eka Grup\"},\"image\":{\"@id\":\"https:\/\/ekagrup.com.tr\/#\/schema\/logo\/image\/\"},\"sameAs\":[\"https:\/\/www.instagram.com\/eka.grup\/\",\"https:\/\/www.facebook.com\/ekagrupgyo\"]}]}<\/script>\n<!-- \/ Yoast SEO plugin. -->","yoast_head_json":{"title":"KEMAL CUD\u0130 - Eka Grup","robots":{"index":"index","follow":"follow","max-snippet":"max-snippet:-1","max-image-preview":"max-image-preview:large","max-video-preview":"max-video-preview:-1"},"canonical":"https:\/\/ekagrup.com.tr\/en\/kemal-cudi\/","og_locale":"en_US","og_type":"article","og_title":"KEMAL CUD\u0130 - Eka Grup","og_description":"[vc_row css=&#8221;.vc_custom_1666963518032{padding-top: 100px !important;padding-bottom: 60px !important;}&#8221;][vc_column width=&#8221;1\/3&#8243;][vc_single_image image=&#8221;749&#8243; img_size=&#8221;full&#8221; style=&#8221;vc_box_rounded&#8221;][\/vc_column][vc_column width=&#8221;2\/3&#8243;][vc_custom_heading text=&#8221;KEMAL CUD\u0130&#8221; use_theme_fonts=&#8221;yes&#8221;][vc_column_text el_class=&#8221;kdetayfs&#8221;]Kemal Cudi was born in 1979 in Bah\u00e7esaray district of Van. He has been living in Arnavutk\u00f6y, Istanbul since 1995. He is one of the leading figures in Arnavutk\u00f6y, known for his trust and respect, and has played an active role in the region&#8217;s construction and development process. Mina Construction began its activities in the construction and building sector in 2005 as a contractor in Arnavutk\u00f6y; and has contributed to the architectural development of the region with projects realized with a focus on quality and durability. [&hellip;]","og_url":"https:\/\/ekagrup.com.tr\/en\/kemal-cudi\/","og_site_name":"Eka Grup","article_publisher":"https:\/\/www.facebook.com\/ekagrupgyo","article_modified_time":"2026-02-06T09:51:01+00:00","twitter_card":"summary_large_image","twitter_misc":{"Est. reading time":"1 minute"},"schema":{"@context":"https:\/\/schema.org","@graph":[{"@type":"WebPage","@id":"https:\/\/ekagrup.com.tr\/en\/kemal-cudi\/","url":"https:\/\/ekagrup.com.tr\/en\/kemal-cudi\/","name":"KEMAL CUD\u0130 - Eka Grup","isPartOf":{"@id":"https:\/\/ekagrup.com.tr\/#website"},"datePublished":"2022-10-28T13:28:11+00:00","dateModified":"2026-02-06T09:51:01+00:00","breadcrumb":{"@id":"https:\/\/ekagrup.com.tr\/en\/kemal-cudi\/#breadcrumb"},"inLanguage":"en-US","potentialAction":[{"@type":"ReadAction","target":["https:\/\/ekagrup.com.tr\/en\/kemal-cudi\/"]}]},{"@type":"BreadcrumbList","@id":"https:\/\/ekagrup.com.tr\/en\/kemal-cudi\/#breadcrumb","itemListElement":[{"@type":"ListItem","position":1,"name":"Anasayfa","item":"https:\/\/ekagrup.com.tr\/en\/"},{"@type":"ListItem","position":2,"name":"KEMAL CUD\u0130"}]},{"@type":"WebSite","@id":"https:\/\/ekagrup.com.tr\/#website","url":"https:\/\/ekagrup.com.tr\/","name":"Eka Grup","description":"","publisher":{"@id":"https:\/\/ekagrup.com.tr\/#organization"},"potentialAction":[{"@type":"SearchAction","target":{"@type":"EntryPoint","urlTemplate":"https:\/\/ekagrup.com.tr\/?s={search_term_string}"},"query-input":"required name=search_term_string"}],"inLanguage":"en-US"},{"@type":"Organization","@id":"https:\/\/ekagrup.com.tr\/#organization","name":"Eka Grup","url":"https:\/\/ekagrup.com.tr\/","logo":{"@type":"ImageObject","inLanguage":"en-US","@id":"https:\/\/ekagrup.com.tr\/#\/schema\/logo\/image\/","url":"https:\/\/ekagrup.com.tr\/wp-content\/uploads\/2022\/10\/logo.svg","contentUrl":"https:\/\/ekagrup.com.tr\/wp-content\/uploads\/2022\/10\/logo.svg","caption":"Eka Grup"},"image":{"@id":"https:\/\/ekagrup.com.tr\/#\/schema\/logo\/image\/"},"sameAs":["https:\/\/www.instagram.com\/eka.grup\/","https:\/\/www.facebook.com\/ekagrupgyo"]}]}},"_links":{"self":[{"href":"https:\/\/ekagrup.com.tr\/en\/wp-json\/wp\/v2\/pages\/772","targetHints":{"allow":["GET"]}}],"collection":[{"href":"https:\/\/ekagrup.com.tr\/en\/wp-json\/wp\/v2\/pages"}],"about":[{"href":"https:\/\/ekagrup.com.tr\/en\/wp-json\/wp\/v2\/types\/page"}],"author":[{"embeddable":true,"href":"https:\/\/ekagrup.com.tr\/en\/wp-json\/wp\/v2\/users\/1"}],"replies":[{"embeddable":true,"href":"https:\/\/ekagrup.com.tr\/en\/wp-json\/wp\/v2\/comments?post=772"}],"version-history":[{"count":6,"href":"https:\/\/ekagrup.com.tr\/en\/wp-json\/wp\/v2\/pages\/772\/revisions"}],"predecessor-version":[{"id":2158,"href":"https:\/\/ekagrup.com.tr\/en\/wp-json\/wp\/v2\/pages\/772\/revisions\/2158"}],"wp:attachment":[{"href":"https:\/\/ekagrup.com.tr\/en\/wp-json\/wp\/v2\/media?parent=772"}],"curies":[{"name":"wp","href":"https:\/\/api.w.org\/{rel}","templated":true}]}}