{"id":758,"date":"2022-10-28T16:29:25","date_gmt":"2022-10-28T13:29:25","guid":{"rendered":"http:\/\/ekagrup.com.tr\/yilmaz-uslu\/"},"modified":"2026-03-25T14:04:04","modified_gmt":"2026-03-25T11:04:04","slug":"yilmaz-uslu","status":"publish","type":"page","link":"https:\/\/ekagrup.com.tr\/en\/yilmaz-uslu\/","title":{"rendered":"YILMAZ USLU"},"content":{"rendered":"<p>[vc_row css=&#8221;.vc_custom_1666963518032{padding-top: 100px !important;padding-bottom: 60px !important;}&#8221;][vc_column width=&#8221;1\/3&#8243;][vc_single_image image=&#8221;2320&#8243; img_size=&#8221;full&#8221; style=&#8221;vc_box_rounded&#8221;][\/vc_column][vc_column width=&#8221;2\/3&#8243;][vc_custom_heading text=&#8221;YILMAZ USLU&#8221; use_theme_fonts=&#8221;yes&#8221;][vc_column_text el_class=&#8221;kdetayfs&#8221;]<\/p>\n<p style=\"text-align: left;\">Y\u0131lmaz Uslu, 1974 y\u0131l\u0131nda Van\u2019da do\u011fmu\u015f; 2001 y\u0131l\u0131nda ticaret hayat\u0131na ad\u0131m atarak g\u0131da ve \u00fcretim sekt\u00f6rlerinde g\u00fc\u00e7l\u00fc bir giri\u015fimcilik yolculu\u011fu ba\u015flatm\u0131\u015ft\u0131r. Disiplinli \u00e7al\u0131\u015fma anlay\u0131\u015f\u0131, stratejik \u00f6ng\u00f6r\u00fcs\u00fc ve uzun vadeli bak\u0131\u015f a\u00e7\u0131s\u0131yla, faaliyet g\u00f6sterdi\u011fi alanlarda kal\u0131c\u0131 ve s\u00fcrd\u00fcr\u00fclebilir ba\u015far\u0131lar elde etmi\u015ftir. Bug\u00fcn liderli\u011fini \u00fcstlendi\u011fi yap\u0131da; EKA Grup, Ronay Un Yem G\u0131da ve Vaneksan Ekmek Fabrikas\u0131 gibi g\u00fc\u00e7l\u00fc ve kurumsal markalar yer almakta; ayr\u0131ca S\u00fctl\u00fcce Van ortaklar\u0131 aras\u0131nda bulunmaktad\u0131r. Bu \u00e7ok y\u00f6nl\u00fc yap\u0131lanma, \u00fcretimden yat\u0131r\u0131ma uzanan entegre bir de\u011fer zinciri olu\u015fturarak istikrarl\u0131 b\u00fcy\u00fcmeyi desteklemektedir.<\/p>\n<p style=\"text-align: left;\">Y\u0131lmaz Uslu\u2019nun i\u015f felsefesi; kaliteyi standart, g\u00fcveni vazge\u00e7ilmez, s\u00fcrd\u00fcr\u00fclebilirli\u011fi ise temel hedef olarak konumland\u0131rmaktad\u0131r. \u015eeffafl\u0131k, d\u00fczen ve istikrar \u00fczerine in\u015fa etti\u011fi y\u00f6netim anlay\u0131\u015f\u0131; g\u00fc\u00e7l\u00fc kurumsal yap\u0131lar, sa\u011flam finansal disiplin ve uzun soluklu i\u015f birlikleriyle somutla\u015fmaktad\u0131r. Giri\u015fimci vizyonu, liderlik duru\u015fu ve sorumluluk bilinciyle yaln\u0131zca ticari<br \/>\nba\u015far\u0131y\u0131 de\u011fil; bulundu\u011fu b\u00f6lgeye, sekt\u00f6re ve ekonomiye kal\u0131c\u0131 katk\u0131 sa\u011flamay\u0131 ama\u00e7layan Y\u0131lmaz Uslu, bug\u00fcn oldu\u011fu gibi gelecekte de de\u011fer \u00fcreten projelere \u00f6nc\u00fcl\u00fck etmeyi s\u00fcrd\u00fcrmektedir.[\/vc_column_text][\/vc_column][\/vc_row]<\/p>\n","protected":false},"excerpt":{"rendered":"<p>[vc_row css=&#8221;.vc_custom_1666963518032{padding-top: 100px !important;padding-bottom: 60px !important;}&#8221;][vc_column width=&#8221;1\/3&#8243;][vc_single_image image=&#8221;2320&#8243; img_size=&#8221;full&#8221; style=&#8221;vc_box_rounded&#8221;][\/vc_column][vc_column width=&#8221;2\/3&#8243;][vc_custom_heading text=&#8221;YILMAZ USLU&#8221; use_theme_fonts=&#8221;yes&#8221;][vc_column_text el_class=&#8221;kdetayfs&#8221;] Y\u0131lmaz Uslu, 1974 y\u0131l\u0131nda Van\u2019da do\u011fmu\u015f; 2001 y\u0131l\u0131nda ticaret hayat\u0131na ad\u0131m atarak g\u0131da ve \u00fcretim sekt\u00f6rlerinde g\u00fc\u00e7l\u00fc bir giri\u015fimcilik yolculu\u011fu ba\u015flatm\u0131\u015ft\u0131r. Disiplinli \u00e7al\u0131\u015fma anlay\u0131\u015f\u0131, stratejik \u00f6ng\u00f6r\u00fcs\u00fc ve uzun vadeli bak\u0131\u015f a\u00e7\u0131s\u0131yla, faaliyet g\u00f6sterdi\u011fi alanlarda kal\u0131c\u0131 ve s\u00fcrd\u00fcr\u00fclebilir ba\u015far\u0131lar elde etmi\u015ftir. Bug\u00fcn liderli\u011fini \u00fcstlendi\u011fi yap\u0131da; EKA Grup, Ronay Un Yem G\u0131da ve Vaneksan Ekmek Fabrikas\u0131 gibi g\u00fc\u00e7l\u00fc ve kurumsal markalar yer almakta; ayr\u0131ca S\u00fctl\u00fcce Van ortaklar\u0131 aras\u0131nda bulunmaktad\u0131r. Bu \u00e7ok y\u00f6nl\u00fc yap\u0131lanma, \u00fcretimden yat\u0131r\u0131ma uzanan entegre bir de\u011fer zinciri olu\u015fturarak istikrarl\u0131 b\u00fcy\u00fcmeyi desteklemektedir. Y\u0131lmaz Uslu\u2019nun i\u015f [&hellip;]<\/p>\n","protected":false},"author":1,"featured_media":0,"parent":0,"menu_order":0,"comment_status":"closed","ping_status":"closed","template":"kadrodetay.php","meta":{"footnotes":""},"class_list":["post-758","page","type-page","status-publish","hentry"],"yoast_head":"<!-- This site is optimized with the Yoast SEO plugin v19.14 - https:\/\/yoast.com\/wordpress\/plugins\/seo\/ -->\n<title>YILMAZ USLU - Eka Grup<\/title>\n<meta name=\"robots\" content=\"index, follow, max-snippet:-1, max-image-preview:large, max-video-preview:-1\" \/>\n<link rel=\"canonical\" href=\"https:\/\/ekagrup.com.tr\/en\/yilmaz-uslu\/\" \/>\n<meta property=\"og:locale\" content=\"en_US\" \/>\n<meta property=\"og:type\" content=\"article\" \/>\n<meta property=\"og:title\" content=\"YILMAZ USLU - Eka Grup\" \/>\n<meta property=\"og:description\" content=\"[vc_row css=&#8221;.vc_custom_1666963518032{padding-top: 100px !important;padding-bottom: 60px !important;}&#8221;][vc_column width=&#8221;1\/3&#8243;][vc_single_image image=&#8221;2320&#8243; img_size=&#8221;full&#8221; style=&#8221;vc_box_rounded&#8221;][\/vc_column][vc_column width=&#8221;2\/3&#8243;][vc_custom_heading text=&#8221;YILMAZ USLU&#8221; use_theme_fonts=&#8221;yes&#8221;][vc_column_text el_class=&#8221;kdetayfs&#8221;] Y\u0131lmaz Uslu, 1974 y\u0131l\u0131nda Van\u2019da do\u011fmu\u015f; 2001 y\u0131l\u0131nda ticaret hayat\u0131na ad\u0131m atarak g\u0131da ve \u00fcretim sekt\u00f6rlerinde g\u00fc\u00e7l\u00fc bir giri\u015fimcilik yolculu\u011fu ba\u015flatm\u0131\u015ft\u0131r. Disiplinli \u00e7al\u0131\u015fma anlay\u0131\u015f\u0131, stratejik \u00f6ng\u00f6r\u00fcs\u00fc ve uzun vadeli bak\u0131\u015f a\u00e7\u0131s\u0131yla, faaliyet g\u00f6sterdi\u011fi alanlarda kal\u0131c\u0131 ve s\u00fcrd\u00fcr\u00fclebilir ba\u015far\u0131lar elde etmi\u015ftir. Bug\u00fcn liderli\u011fini \u00fcstlendi\u011fi yap\u0131da; EKA Grup, Ronay Un Yem G\u0131da ve Vaneksan Ekmek Fabrikas\u0131 gibi g\u00fc\u00e7l\u00fc ve kurumsal markalar yer almakta; ayr\u0131ca S\u00fctl\u00fcce Van ortaklar\u0131 aras\u0131nda bulunmaktad\u0131r. Bu \u00e7ok y\u00f6nl\u00fc yap\u0131lanma, \u00fcretimden yat\u0131r\u0131ma uzanan entegre bir de\u011fer zinciri olu\u015fturarak istikrarl\u0131 b\u00fcy\u00fcmeyi desteklemektedir. Y\u0131lmaz Uslu\u2019nun i\u015f [&hellip;]\" \/>\n<meta property=\"og:url\" content=\"https:\/\/ekagrup.com.tr\/en\/yilmaz-uslu\/\" \/>\n<meta property=\"og:site_name\" content=\"Eka Grup\" \/>\n<meta property=\"article:publisher\" content=\"https:\/\/www.facebook.com\/ekagrupgyo\" \/>\n<meta property=\"article:modified_time\" content=\"2026-03-25T11:04:04+00:00\" \/>\n<meta name=\"twitter:card\" content=\"summary_large_image\" \/>\n<meta name=\"twitter:label1\" content=\"Est. reading time\" \/>\n\t<meta name=\"twitter:data1\" content=\"1 minute\" \/>\n<script type=\"application\/ld+json\" class=\"yoast-schema-graph\">{\"@context\":\"https:\/\/schema.org\",\"@graph\":[{\"@type\":\"WebPage\",\"@id\":\"https:\/\/ekagrup.com.tr\/en\/yilmaz-uslu\/\",\"url\":\"https:\/\/ekagrup.com.tr\/en\/yilmaz-uslu\/\",\"name\":\"YILMAZ USLU - Eka Grup\",\"isPartOf\":{\"@id\":\"https:\/\/ekagrup.com.tr\/#website\"},\"datePublished\":\"2022-10-28T13:29:25+00:00\",\"dateModified\":\"2026-03-25T11:04:04+00:00\",\"breadcrumb\":{\"@id\":\"https:\/\/ekagrup.com.tr\/en\/yilmaz-uslu\/#breadcrumb\"},\"inLanguage\":\"en-US\",\"potentialAction\":[{\"@type\":\"ReadAction\",\"target\":[\"https:\/\/ekagrup.com.tr\/en\/yilmaz-uslu\/\"]}]},{\"@type\":\"BreadcrumbList\",\"@id\":\"https:\/\/ekagrup.com.tr\/en\/yilmaz-uslu\/#breadcrumb\",\"itemListElement\":[{\"@type\":\"ListItem\",\"position\":1,\"name\":\"Anasayfa\",\"item\":\"https:\/\/ekagrup.com.tr\/en\/\"},{\"@type\":\"ListItem\",\"position\":2,\"name\":\"YILMAZ USLU\"}]},{\"@type\":\"WebSite\",\"@id\":\"https:\/\/ekagrup.com.tr\/#website\",\"url\":\"https:\/\/ekagrup.com.tr\/\",\"name\":\"Eka Grup\",\"description\":\"\",\"publisher\":{\"@id\":\"https:\/\/ekagrup.com.tr\/#organization\"},\"potentialAction\":[{\"@type\":\"SearchAction\",\"target\":{\"@type\":\"EntryPoint\",\"urlTemplate\":\"https:\/\/ekagrup.com.tr\/?s={search_term_string}\"},\"query-input\":\"required name=search_term_string\"}],\"inLanguage\":\"en-US\"},{\"@type\":\"Organization\",\"@id\":\"https:\/\/ekagrup.com.tr\/#organization\",\"name\":\"Eka Grup\",\"url\":\"https:\/\/ekagrup.com.tr\/\",\"logo\":{\"@type\":\"ImageObject\",\"inLanguage\":\"en-US\",\"@id\":\"https:\/\/ekagrup.com.tr\/#\/schema\/logo\/image\/\",\"url\":\"https:\/\/ekagrup.com.tr\/wp-content\/uploads\/2022\/10\/logo.svg\",\"contentUrl\":\"https:\/\/ekagrup.com.tr\/wp-content\/uploads\/2022\/10\/logo.svg\",\"caption\":\"Eka Grup\"},\"image\":{\"@id\":\"https:\/\/ekagrup.com.tr\/#\/schema\/logo\/image\/\"},\"sameAs\":[\"https:\/\/www.instagram.com\/eka.grup\/\",\"https:\/\/www.facebook.com\/ekagrupgyo\"]}]}<\/script>\n<!-- \/ Yoast SEO plugin. -->","yoast_head_json":{"title":"YILMAZ USLU - Eka Grup","robots":{"index":"index","follow":"follow","max-snippet":"max-snippet:-1","max-image-preview":"max-image-preview:large","max-video-preview":"max-video-preview:-1"},"canonical":"https:\/\/ekagrup.com.tr\/en\/yilmaz-uslu\/","og_locale":"en_US","og_type":"article","og_title":"YILMAZ USLU - Eka Grup","og_description":"[vc_row css=&#8221;.vc_custom_1666963518032{padding-top: 100px !important;padding-bottom: 60px !important;}&#8221;][vc_column width=&#8221;1\/3&#8243;][vc_single_image image=&#8221;2320&#8243; img_size=&#8221;full&#8221; style=&#8221;vc_box_rounded&#8221;][\/vc_column][vc_column width=&#8221;2\/3&#8243;][vc_custom_heading text=&#8221;YILMAZ USLU&#8221; use_theme_fonts=&#8221;yes&#8221;][vc_column_text el_class=&#8221;kdetayfs&#8221;] Y\u0131lmaz Uslu, 1974 y\u0131l\u0131nda Van\u2019da do\u011fmu\u015f; 2001 y\u0131l\u0131nda ticaret hayat\u0131na ad\u0131m atarak g\u0131da ve \u00fcretim sekt\u00f6rlerinde g\u00fc\u00e7l\u00fc bir giri\u015fimcilik yolculu\u011fu ba\u015flatm\u0131\u015ft\u0131r. Disiplinli \u00e7al\u0131\u015fma anlay\u0131\u015f\u0131, stratejik \u00f6ng\u00f6r\u00fcs\u00fc ve uzun vadeli bak\u0131\u015f a\u00e7\u0131s\u0131yla, faaliyet g\u00f6sterdi\u011fi alanlarda kal\u0131c\u0131 ve s\u00fcrd\u00fcr\u00fclebilir ba\u015far\u0131lar elde etmi\u015ftir. Bug\u00fcn liderli\u011fini \u00fcstlendi\u011fi yap\u0131da; EKA Grup, Ronay Un Yem G\u0131da ve Vaneksan Ekmek Fabrikas\u0131 gibi g\u00fc\u00e7l\u00fc ve kurumsal markalar yer almakta; ayr\u0131ca S\u00fctl\u00fcce Van ortaklar\u0131 aras\u0131nda bulunmaktad\u0131r. Bu \u00e7ok y\u00f6nl\u00fc yap\u0131lanma, \u00fcretimden yat\u0131r\u0131ma uzanan entegre bir de\u011fer zinciri olu\u015fturarak istikrarl\u0131 b\u00fcy\u00fcmeyi desteklemektedir. Y\u0131lmaz Uslu\u2019nun i\u015f [&hellip;]","og_url":"https:\/\/ekagrup.com.tr\/en\/yilmaz-uslu\/","og_site_name":"Eka Grup","article_publisher":"https:\/\/www.facebook.com\/ekagrupgyo","article_modified_time":"2026-03-25T11:04:04+00:00","twitter_card":"summary_large_image","twitter_misc":{"Est. reading time":"1 minute"},"schema":{"@context":"https:\/\/schema.org","@graph":[{"@type":"WebPage","@id":"https:\/\/ekagrup.com.tr\/en\/yilmaz-uslu\/","url":"https:\/\/ekagrup.com.tr\/en\/yilmaz-uslu\/","name":"YILMAZ USLU - Eka Grup","isPartOf":{"@id":"https:\/\/ekagrup.com.tr\/#website"},"datePublished":"2022-10-28T13:29:25+00:00","dateModified":"2026-03-25T11:04:04+00:00","breadcrumb":{"@id":"https:\/\/ekagrup.com.tr\/en\/yilmaz-uslu\/#breadcrumb"},"inLanguage":"en-US","potentialAction":[{"@type":"ReadAction","target":["https:\/\/ekagrup.com.tr\/en\/yilmaz-uslu\/"]}]},{"@type":"BreadcrumbList","@id":"https:\/\/ekagrup.com.tr\/en\/yilmaz-uslu\/#breadcrumb","itemListElement":[{"@type":"ListItem","position":1,"name":"Anasayfa","item":"https:\/\/ekagrup.com.tr\/en\/"},{"@type":"ListItem","position":2,"name":"YILMAZ USLU"}]},{"@type":"WebSite","@id":"https:\/\/ekagrup.com.tr\/#website","url":"https:\/\/ekagrup.com.tr\/","name":"Eka Grup","description":"","publisher":{"@id":"https:\/\/ekagrup.com.tr\/#organization"},"potentialAction":[{"@type":"SearchAction","target":{"@type":"EntryPoint","urlTemplate":"https:\/\/ekagrup.com.tr\/?s={search_term_string}"},"query-input":"required name=search_term_string"}],"inLanguage":"en-US"},{"@type":"Organization","@id":"https:\/\/ekagrup.com.tr\/#organization","name":"Eka Grup","url":"https:\/\/ekagrup.com.tr\/","logo":{"@type":"ImageObject","inLanguage":"en-US","@id":"https:\/\/ekagrup.com.tr\/#\/schema\/logo\/image\/","url":"https:\/\/ekagrup.com.tr\/wp-content\/uploads\/2022\/10\/logo.svg","contentUrl":"https:\/\/ekagrup.com.tr\/wp-content\/uploads\/2022\/10\/logo.svg","caption":"Eka Grup"},"image":{"@id":"https:\/\/ekagrup.com.tr\/#\/schema\/logo\/image\/"},"sameAs":["https:\/\/www.instagram.com\/eka.grup\/","https:\/\/www.facebook.com\/ekagrupgyo"]}]}},"_links":{"self":[{"href":"https:\/\/ekagrup.com.tr\/en\/wp-json\/wp\/v2\/pages\/758","targetHints":{"allow":["GET"]}}],"collection":[{"href":"https:\/\/ekagrup.com.tr\/en\/wp-json\/wp\/v2\/pages"}],"about":[{"href":"https:\/\/ekagrup.com.tr\/en\/wp-json\/wp\/v2\/types\/page"}],"author":[{"embeddable":true,"href":"https:\/\/ekagrup.com.tr\/en\/wp-json\/wp\/v2\/users\/1"}],"replies":[{"embeddable":true,"href":"https:\/\/ekagrup.com.tr\/en\/wp-json\/wp\/v2\/comments?post=758"}],"version-history":[{"count":10,"href":"https:\/\/ekagrup.com.tr\/en\/wp-json\/wp\/v2\/pages\/758\/revisions"}],"predecessor-version":[{"id":2334,"href":"https:\/\/ekagrup.com.tr\/en\/wp-json\/wp\/v2\/pages\/758\/revisions\/2334"}],"wp:attachment":[{"href":"https:\/\/ekagrup.com.tr\/en\/wp-json\/wp\/v2\/media?parent=758"}],"curies":[{"name":"wp","href":"https:\/\/api.w.org\/{rel}","templated":true}]}}